
{"id":18856,"date":"2024-09-20T13:36:15","date_gmt":"2024-09-20T11:36:15","guid":{"rendered":"https:\/\/timeless.comit.co.rs\/ivana-petric\/"},"modified":"2025-07-02T17:15:28","modified_gmt":"2025-07-02T15:15:28","slug":"ivana-petric","status":"publish","type":"page","link":"https:\/\/timeless.comit.co.rs\/en\/ivana-petric\/","title":{"rendered":"Ivana Petri\u0107"},"content":{"rendered":"\t\t<div data-elementor-type=\"wp-page\" data-elementor-id=\"18856\" class=\"elementor elementor-18856 elementor-14429\" data-elementor-post-type=\"page\">\n\t\t\t\t\t\t<section data-particle_enable=\"false\" data-particle-mobile-disabled=\"false\" class=\"elementor-section elementor-top-section elementor-element elementor-element-7a9b040 elementor-section-height-min-height elementor-section-content-middle elementor-section-boxed elementor-section-height-default elementor-section-items-middle\" data-id=\"7a9b040\" data-element_type=\"section\" data-e-type=\"section\" data-settings=\"{&quot;background_background&quot;:&quot;classic&quot;}\">\n\t\t\t\t\t\t\t<div class=\"elementor-background-overlay\"><\/div>\n\t\t\t\t\t\t\t<div class=\"elementor-container elementor-column-gap-default\">\n\t\t\t\t\t<div class=\"elementor-column elementor-col-100 elementor-top-column elementor-element elementor-element-a8e0434\" data-id=\"a8e0434\" data-element_type=\"column\" data-e-type=\"column\">\n\t\t\t<div class=\"elementor-widget-wrap elementor-element-populated\">\n\t\t\t\t\t\t<div class=\"elementor-element elementor-element-534acb8 elementor-widget elementor-widget-heading\" data-id=\"534acb8\" data-element_type=\"widget\" data-e-type=\"widget\" data-widget_type=\"heading.default\">\n\t\t\t\t\t<h6 class=\"elementor-heading-title elementor-size-default\">Biography<\/h6>\t\t\t\t<\/div>\n\t\t\t\t<div class=\"elementor-element elementor-element-d142ffe elementor-widget__width-initial elementor-widget-mobile__width-inherit elementor-widget elementor-widget-heading\" data-id=\"d142ffe\" data-element_type=\"widget\" data-e-type=\"widget\" data-widget_type=\"heading.default\">\n\t\t\t\t\t<h1 class=\"elementor-heading-title elementor-size-default\">Dr Ivana Petri\u0107<\/h1>\t\t\t\t<\/div>\n\t\t\t\t\t<\/div>\n\t\t<\/div>\n\t\t\t\t\t<\/div>\n\t\t<\/section>\n\t\t\t\t<section data-particle_enable=\"false\" data-particle-mobile-disabled=\"false\" class=\"elementor-section elementor-top-section elementor-element elementor-element-e8e392e elementor-section-boxed elementor-section-height-default elementor-section-height-default\" data-id=\"e8e392e\" data-element_type=\"section\" data-e-type=\"section\">\n\t\t\t\t\t\t<div class=\"elementor-container elementor-column-gap-default\">\n\t\t\t\t\t<div class=\"elementor-column elementor-col-50 elementor-top-column elementor-element elementor-element-46f4abe\" data-id=\"46f4abe\" data-element_type=\"column\" data-e-type=\"column\">\n\t\t\t<div class=\"elementor-widget-wrap elementor-element-populated\">\n\t\t\t\t\t\t<div class=\"elementor-element elementor-element-2e58e65 elementor-widget elementor-widget-image\" data-id=\"2e58e65\" data-element_type=\"widget\" data-e-type=\"widget\" data-widget_type=\"image.default\">\n\t\t\t\t\t\t\t\t\t\t\t\t\t\t\t<img fetchpriority=\"high\" decoding=\"async\" width=\"681\" height=\"1024\" src=\"https:\/\/timeless.comit.co.rs\/wp-content\/uploads\/2024\/09\/dr-ivana-681x1024.webp\" class=\"attachment-large size-large wp-image-18617\" alt=\"\" srcset=\"https:\/\/timeless.comit.co.rs\/wp-content\/uploads\/2024\/09\/dr-ivana-681x1024.webp 681w, https:\/\/timeless.comit.co.rs\/wp-content\/uploads\/2024\/09\/dr-ivana-200x300.webp 200w, https:\/\/timeless.comit.co.rs\/wp-content\/uploads\/2024\/09\/dr-ivana-768x1155.webp 768w, https:\/\/timeless.comit.co.rs\/wp-content\/uploads\/2024\/09\/dr-ivana-1022x1536.webp 1022w, https:\/\/timeless.comit.co.rs\/wp-content\/uploads\/2024\/09\/dr-ivana-1362x2048.webp 1362w, https:\/\/timeless.comit.co.rs\/wp-content\/uploads\/2024\/09\/dr-ivana-600x902.webp 600w, https:\/\/timeless.comit.co.rs\/wp-content\/uploads\/2024\/09\/dr-ivana-scaled.webp 1703w\" sizes=\"(max-width: 681px) 100vw, 681px\" \/>\t\t\t\t\t\t\t\t\t\t\t\t\t\t\t<\/div>\n\t\t\t\t\t<\/div>\n\t\t<\/div>\n\t\t\t\t<div class=\"elementor-column elementor-col-50 elementor-top-column elementor-element elementor-element-223e310\" data-id=\"223e310\" data-element_type=\"column\" data-e-type=\"column\">\n\t\t\t<div class=\"elementor-widget-wrap elementor-element-populated\">\n\t\t\t\t\t\t<div class=\"elementor-element elementor-element-cf7dca9 elementor-widget elementor-widget-text-editor\" data-id=\"cf7dca9\" data-element_type=\"widget\" data-e-type=\"widget\" data-widget_type=\"text-editor.default\">\n\t\t\t\t\t\t\t\t\t<p><em><strong>Medical Doctor \u2013 Acupuncturist<\/strong><\/em><br>Graduated from the Faculty of Medicine in Belgrade, with a thesis titled \u201cAcute Leukemias\u201d under the mentorship of Prof. Dr. Ana Vidovi\u0107. Following graduation, completed clinical practice at the Department of Plastic and Reconstructive Surgery at the University Clinic Tir\u0161ova, gaining hands-on experience in burn treatment, skin grafting, removal of giant nevi, cleft lip surgery, and more. <\/p><p>Since the fifth year of medical school, volunteered alongside Prim. Dr. Dragan Vulovi\u0107 in the neuro-orthopedic outpatient clinic at the Rehabilitation Clinic Dr. Miroslav Zotovi\u0107.  <\/p><p>In 2018, began working with the blockchain-based Global Sun Foundation, focused on providing medical care for children.<\/p><p>2019. In 2019, joined the specialist clinic Vitalis, where, under the mentorship of Dr. Vesna Marinkovi\u0107 Mi\u010di\u0107, acquired essential knowledge and skills in the treatment of various conditions and diseases. Continued professional development in the field of acupuncture through the Quantess Association for the Promotion and Development of Quantum Medicine under Dr. Ana \u017diki\u0107. <\/p><p>2023. In 2023, completed training in the application of Gua Sha techniques for therapeutic and anti-aging purposes.<\/p>\t\t\t\t\t\t\t\t<\/div>\n\t\t\t\t\t<\/div>\n\t\t<\/div>\n\t\t\t\t\t<\/div>\n\t\t<\/section>\n\t\t\t\t<\/div>\n\t\t","protected":false},"excerpt":{"rendered":"<p>Biography Dr Ivana Petri\u0107 Medical Doctor \u2013 AcupuncturistGraduated from the Faculty of Medicine in Belgrade, with a thesis titled \u201cAcute Leukemias\u201d under the mentorship of Prof. Dr. Ana Vidovi\u0107. Following graduation, completed clinical practice at the Department of Plastic and Reconstructive Surgery at the University Clinic Tir\u0161ova, gaining hands-on experience in burn treatment, skin grafting, [&hellip;]<\/p>\n","protected":false},"author":1,"featured_media":0,"parent":0,"menu_order":0,"comment_status":"closed","ping_status":"closed","template":"elementor_header_footer","meta":{"_acf_changed":false,"footnotes":""},"class_list":["post-18856","page","type-page","status-publish","hentry"],"acf":[],"_links":{"self":[{"href":"https:\/\/timeless.comit.co.rs\/en\/wp-json\/wp\/v2\/pages\/18856","targetHints":{"allow":["GET"]}}],"collection":[{"href":"https:\/\/timeless.comit.co.rs\/en\/wp-json\/wp\/v2\/pages"}],"about":[{"href":"https:\/\/timeless.comit.co.rs\/en\/wp-json\/wp\/v2\/types\/page"}],"author":[{"embeddable":true,"href":"https:\/\/timeless.comit.co.rs\/en\/wp-json\/wp\/v2\/users\/1"}],"replies":[{"embeddable":true,"href":"https:\/\/timeless.comit.co.rs\/en\/wp-json\/wp\/v2\/comments?post=18856"}],"version-history":[{"count":1,"href":"https:\/\/timeless.comit.co.rs\/en\/wp-json\/wp\/v2\/pages\/18856\/revisions"}],"predecessor-version":[{"id":18857,"href":"https:\/\/timeless.comit.co.rs\/en\/wp-json\/wp\/v2\/pages\/18856\/revisions\/18857"}],"wp:attachment":[{"href":"https:\/\/timeless.comit.co.rs\/en\/wp-json\/wp\/v2\/media?parent=18856"}],"curies":[{"name":"wp","href":"https:\/\/api.w.org\/{rel}","templated":true}]}}