
{"id":18848,"date":"2024-03-22T13:16:56","date_gmt":"2024-03-22T12:16:56","guid":{"rendered":"https:\/\/timeless.comit.co.rs\/jovana-gavrilovic-biography\/"},"modified":"2025-07-02T16:58:03","modified_gmt":"2025-07-02T14:58:03","slug":"jovana-gavrilovic-biography","status":"publish","type":"page","link":"https:\/\/timeless.comit.co.rs\/en\/jovana-gavrilovic-biography\/","title":{"rendered":"Jovana Gavrilovi\u0107 Biography"},"content":{"rendered":"\t\t<div data-elementor-type=\"wp-page\" data-elementor-id=\"18848\" class=\"elementor elementor-18848 elementor-12304\" data-elementor-post-type=\"page\">\n\t\t\t\t\t\t<section data-particle_enable=\"false\" data-particle-mobile-disabled=\"false\" class=\"elementor-section elementor-top-section elementor-element elementor-element-7a9b040 elementor-section-height-min-height elementor-section-content-middle elementor-section-boxed elementor-section-height-default elementor-section-items-middle\" data-id=\"7a9b040\" data-element_type=\"section\" data-e-type=\"section\" data-settings=\"{&quot;background_background&quot;:&quot;classic&quot;}\">\n\t\t\t\t\t\t\t<div class=\"elementor-background-overlay\"><\/div>\n\t\t\t\t\t\t\t<div class=\"elementor-container elementor-column-gap-default\">\n\t\t\t\t\t<div class=\"elementor-column elementor-col-100 elementor-top-column elementor-element elementor-element-a8e0434\" data-id=\"a8e0434\" data-element_type=\"column\" data-e-type=\"column\">\n\t\t\t<div class=\"elementor-widget-wrap elementor-element-populated\">\n\t\t\t\t\t\t<div class=\"elementor-element elementor-element-534acb8 elementor-widget elementor-widget-heading\" data-id=\"534acb8\" data-element_type=\"widget\" data-e-type=\"widget\" data-widget_type=\"heading.default\">\n\t\t\t\t\t<h6 class=\"elementor-heading-title elementor-size-default\">Biography<\/h6>\t\t\t\t<\/div>\n\t\t\t\t<div class=\"elementor-element elementor-element-d142ffe elementor-widget__width-initial elementor-widget-mobile__width-inherit elementor-widget elementor-widget-heading\" data-id=\"d142ffe\" data-element_type=\"widget\" data-e-type=\"widget\" data-widget_type=\"heading.default\">\n\t\t\t\t\t<h1 class=\"elementor-heading-title elementor-size-default\">Jovana Gavrilovi\u0107<\/h1>\t\t\t\t<\/div>\n\t\t\t\t\t<\/div>\n\t\t<\/div>\n\t\t\t\t\t<\/div>\n\t\t<\/section>\n\t\t\t\t<section data-particle_enable=\"false\" data-particle-mobile-disabled=\"false\" class=\"elementor-section elementor-top-section elementor-element elementor-element-e8e392e elementor-section-boxed elementor-section-height-default elementor-section-height-default\" data-id=\"e8e392e\" data-element_type=\"section\" data-e-type=\"section\">\n\t\t\t\t\t\t<div class=\"elementor-container elementor-column-gap-default\">\n\t\t\t\t\t<div class=\"elementor-column elementor-col-50 elementor-top-column elementor-element elementor-element-46f4abe\" data-id=\"46f4abe\" data-element_type=\"column\" data-e-type=\"column\">\n\t\t\t<div class=\"elementor-widget-wrap elementor-element-populated\">\n\t\t\t\t\t\t<div class=\"elementor-element elementor-element-2e58e65 elementor-widget elementor-widget-image\" data-id=\"2e58e65\" data-element_type=\"widget\" data-e-type=\"widget\" data-widget_type=\"image.default\">\n\t\t\t\t\t\t\t\t\t\t\t\t\t\t\t<img fetchpriority=\"high\" decoding=\"async\" width=\"681\" height=\"1024\" src=\"https:\/\/timeless.comit.co.rs\/wp-content\/uploads\/2024\/09\/jovana-681x1024.webp\" class=\"attachment-large size-large wp-image-18615\" alt=\"Dr. Jovana Gavrilovic\" srcset=\"https:\/\/timeless.comit.co.rs\/wp-content\/uploads\/2024\/09\/jovana-681x1024.webp 681w, https:\/\/timeless.comit.co.rs\/wp-content\/uploads\/2024\/09\/jovana-200x300.webp 200w, https:\/\/timeless.comit.co.rs\/wp-content\/uploads\/2024\/09\/jovana-768x1155.webp 768w, https:\/\/timeless.comit.co.rs\/wp-content\/uploads\/2024\/09\/jovana-1022x1536.webp 1022w, https:\/\/timeless.comit.co.rs\/wp-content\/uploads\/2024\/09\/jovana-1362x2048.webp 1362w, https:\/\/timeless.comit.co.rs\/wp-content\/uploads\/2024\/09\/jovana-600x902.webp 600w, https:\/\/timeless.comit.co.rs\/wp-content\/uploads\/2024\/09\/jovana-scaled.webp 1703w\" sizes=\"(max-width: 681px) 100vw, 681px\" \/>\t\t\t\t\t\t\t\t\t\t\t\t\t\t\t<\/div>\n\t\t\t\t\t<\/div>\n\t\t<\/div>\n\t\t\t\t<div class=\"elementor-column elementor-col-50 elementor-top-column elementor-element elementor-element-223e310\" data-id=\"223e310\" data-element_type=\"column\" data-e-type=\"column\">\n\t\t\t<div class=\"elementor-widget-wrap elementor-element-populated\">\n\t\t\t\t\t\t<div class=\"elementor-element elementor-element-cf7dca9 elementor-widget elementor-widget-text-editor\" data-id=\"cf7dca9\" data-element_type=\"widget\" data-e-type=\"widget\" data-widget_type=\"text-editor.default\">\n\t\t\t\t\t\t\t\t\t<p><em><strong>Graduate Professional Physiotherapist<\/strong><\/em><\/p><p>Graduated from Nade\u017eda Petrovi\u0107 Secondary Medical School in Zemun, specializing as a cosmetic technician.<\/p><p>After high school, continued education at the College of Sports and Health in the professional physiotherapy program, completing a three-year course.<\/p><p>Graduated in 2021. Shortly thereafter, completed an internship at the Special Hospital for Rehabilitation and Orthopedic Prosthetics. Became a member of the Serbian Chamber of Nurses and Medical Technicians. <\/p><p>Joined Timeless Medic in August 2023 and has since continued professional development in aesthetic, regenerative, and anti-aging medicine. Trained and skilled in the use of facial and body lasers, hyperbaric chambers, and Indiba physical therapy.  <\/p>\t\t\t\t\t\t\t\t<\/div>\n\t\t\t\t\t<\/div>\n\t\t<\/div>\n\t\t\t\t\t<\/div>\n\t\t<\/section>\n\t\t\t\t<\/div>\n\t\t","protected":false},"excerpt":{"rendered":"<p>Biography Jovana Gavrilovi\u0107 Graduate Professional Physiotherapist Graduated from Nade\u017eda Petrovi\u0107 Secondary Medical School in Zemun, specializing as a cosmetic technician. After high school, continued education at the College of Sports and Health in the professional physiotherapy program, completing a three-year course. Graduated in 2021. Shortly thereafter, completed an internship at the Special Hospital for Rehabilitation [&hellip;]<\/p>\n","protected":false},"author":1,"featured_media":0,"parent":0,"menu_order":0,"comment_status":"closed","ping_status":"closed","template":"elementor_header_footer","meta":{"_acf_changed":false,"footnotes":""},"class_list":["post-18848","page","type-page","status-publish","hentry"],"acf":[],"_links":{"self":[{"href":"https:\/\/timeless.comit.co.rs\/en\/wp-json\/wp\/v2\/pages\/18848","targetHints":{"allow":["GET"]}}],"collection":[{"href":"https:\/\/timeless.comit.co.rs\/en\/wp-json\/wp\/v2\/pages"}],"about":[{"href":"https:\/\/timeless.comit.co.rs\/en\/wp-json\/wp\/v2\/types\/page"}],"author":[{"embeddable":true,"href":"https:\/\/timeless.comit.co.rs\/en\/wp-json\/wp\/v2\/users\/1"}],"replies":[{"embeddable":true,"href":"https:\/\/timeless.comit.co.rs\/en\/wp-json\/wp\/v2\/comments?post=18848"}],"version-history":[{"count":1,"href":"https:\/\/timeless.comit.co.rs\/en\/wp-json\/wp\/v2\/pages\/18848\/revisions"}],"predecessor-version":[{"id":18849,"href":"https:\/\/timeless.comit.co.rs\/en\/wp-json\/wp\/v2\/pages\/18848\/revisions\/18849"}],"wp:attachment":[{"href":"https:\/\/timeless.comit.co.rs\/en\/wp-json\/wp\/v2\/media?parent=18848"}],"curies":[{"name":"wp","href":"https:\/\/api.w.org\/{rel}","templated":true}]}}