
{"id":18844,"date":"2024-03-22T13:21:57","date_gmt":"2024-03-22T12:21:57","guid":{"rendered":"https:\/\/timeless.comit.co.rs\/andrea-lucic-biography\/"},"modified":"2025-07-02T16:53:09","modified_gmt":"2025-07-02T14:53:09","slug":"andrea-lucic-biography","status":"publish","type":"page","link":"https:\/\/timeless.comit.co.rs\/en\/andrea-lucic-biography\/","title":{"rendered":"Andrea Lu\u010di\u0107 Biography"},"content":{"rendered":"\t\t<div data-elementor-type=\"wp-page\" data-elementor-id=\"18844\" class=\"elementor elementor-18844 elementor-12317\" data-elementor-post-type=\"page\">\n\t\t\t\t\t\t<section data-particle_enable=\"false\" data-particle-mobile-disabled=\"false\" class=\"elementor-section elementor-top-section elementor-element elementor-element-7a9b040 elementor-section-height-min-height elementor-section-content-middle elementor-section-boxed elementor-section-height-default elementor-section-items-middle\" data-id=\"7a9b040\" data-element_type=\"section\" data-e-type=\"section\" data-settings=\"{&quot;background_background&quot;:&quot;classic&quot;}\">\n\t\t\t\t\t\t\t<div class=\"elementor-background-overlay\"><\/div>\n\t\t\t\t\t\t\t<div class=\"elementor-container elementor-column-gap-default\">\n\t\t\t\t\t<div class=\"elementor-column elementor-col-100 elementor-top-column elementor-element elementor-element-a8e0434\" data-id=\"a8e0434\" data-element_type=\"column\" data-e-type=\"column\">\n\t\t\t<div class=\"elementor-widget-wrap elementor-element-populated\">\n\t\t\t\t\t\t<div class=\"elementor-element elementor-element-534acb8 elementor-widget elementor-widget-heading\" data-id=\"534acb8\" data-element_type=\"widget\" data-e-type=\"widget\" data-widget_type=\"heading.default\">\n\t\t\t\t\t<h6 class=\"elementor-heading-title elementor-size-default\">Biography<\/h6>\t\t\t\t<\/div>\n\t\t\t\t<div class=\"elementor-element elementor-element-d142ffe elementor-widget__width-initial elementor-widget-mobile__width-inherit elementor-widget elementor-widget-heading\" data-id=\"d142ffe\" data-element_type=\"widget\" data-e-type=\"widget\" data-widget_type=\"heading.default\">\n\t\t\t\t\t<h1 class=\"elementor-heading-title elementor-size-default\">Andrea Lu\u010di\u0107<\/h1>\t\t\t\t<\/div>\n\t\t\t\t\t<\/div>\n\t\t<\/div>\n\t\t\t\t\t<\/div>\n\t\t<\/section>\n\t\t\t\t<section data-particle_enable=\"false\" data-particle-mobile-disabled=\"false\" class=\"elementor-section elementor-top-section elementor-element elementor-element-e8e392e elementor-section-boxed elementor-section-height-default elementor-section-height-default\" data-id=\"e8e392e\" data-element_type=\"section\" data-e-type=\"section\">\n\t\t\t\t\t\t<div class=\"elementor-container elementor-column-gap-default\">\n\t\t\t\t\t<div class=\"elementor-column elementor-col-50 elementor-top-column elementor-element elementor-element-46f4abe\" data-id=\"46f4abe\" data-element_type=\"column\" data-e-type=\"column\">\n\t\t\t<div class=\"elementor-widget-wrap elementor-element-populated\">\n\t\t\t\t\t\t<div class=\"elementor-element elementor-element-2e58e65 elementor-widget elementor-widget-image\" data-id=\"2e58e65\" data-element_type=\"widget\" data-e-type=\"widget\" data-widget_type=\"image.default\">\n\t\t\t\t\t\t\t\t\t\t\t\t\t\t\t<img fetchpriority=\"high\" decoding=\"async\" width=\"681\" height=\"1024\" src=\"https:\/\/timeless.comit.co.rs\/wp-content\/uploads\/2024\/09\/andrea-681x1024.webp\" class=\"attachment-large size-large wp-image-18611\" alt=\"\" srcset=\"https:\/\/timeless.comit.co.rs\/wp-content\/uploads\/2024\/09\/andrea-681x1024.webp 681w, https:\/\/timeless.comit.co.rs\/wp-content\/uploads\/2024\/09\/andrea-200x300.webp 200w, https:\/\/timeless.comit.co.rs\/wp-content\/uploads\/2024\/09\/andrea-768x1155.webp 768w, https:\/\/timeless.comit.co.rs\/wp-content\/uploads\/2024\/09\/andrea-1022x1536.webp 1022w, https:\/\/timeless.comit.co.rs\/wp-content\/uploads\/2024\/09\/andrea-1362x2048.webp 1362w, https:\/\/timeless.comit.co.rs\/wp-content\/uploads\/2024\/09\/andrea-600x902.webp 600w, https:\/\/timeless.comit.co.rs\/wp-content\/uploads\/2024\/09\/andrea-scaled.webp 1703w\" sizes=\"(max-width: 681px) 100vw, 681px\" \/>\t\t\t\t\t\t\t\t\t\t\t\t\t\t\t<\/div>\n\t\t\t\t\t<\/div>\n\t\t<\/div>\n\t\t\t\t<div class=\"elementor-column elementor-col-50 elementor-top-column elementor-element elementor-element-223e310\" data-id=\"223e310\" data-element_type=\"column\" data-e-type=\"column\">\n\t\t\t<div class=\"elementor-widget-wrap elementor-element-populated\">\n\t\t\t\t\t\t<div class=\"elementor-element elementor-element-cf7dca9 elementor-widget elementor-widget-text-editor\" data-id=\"cf7dca9\" data-element_type=\"widget\" data-e-type=\"widget\" data-widget_type=\"text-editor.default\">\n\t\t\t\t\t\t\t\t\t<p><em><strong>Medical Doctor<\/strong><\/em><\/p><p>Graduated from Matija Antun Reljkovi\u0107 Grammar School in Vinkovci. Enrolled at the Faculty of Medicine in Osijek (Josip Juraj Strossmayer University) in 2015. Participated in CROMSIC and the Rotaract Club Vinkovci during studies, engaging in various humanitarian and academic activities. Active participant in symposiums such as Tjedan Mozga and Upoznaj Me in Osijek, as well as the student congress OSCON.   <\/p><p>Graduated in September 2021. Began work shortly after as a clinical doctor at the private healthcare institution Va\u0161 Pregled. <\/p><p>Started internship at the University Clinical Center of Serbia in May 2023. <\/p><p>Started internship at the University Clinical Center of Serbia in May 2023.<br>Since 2022, focused on specialization in aesthetic medicine. Completed training in dermal fillers, botox, mesotherapy, PRP (platelet-rich plasma), biorevitalization, and collagen stimulators with leading regional and international educators. Regular participant in professional conferences in the field of anti-aging medicine.   <\/p><p>Joined Timeless Medic clinic in May 2024 as an aesthetic medicine doctor. Continuing professional development under mentorship of Dr. Vesna Ognjenovi\u0107. <\/p>\t\t\t\t\t\t\t\t<\/div>\n\t\t\t\t\t<\/div>\n\t\t<\/div>\n\t\t\t\t\t<\/div>\n\t\t<\/section>\n\t\t\t\t<\/div>\n\t\t","protected":false},"excerpt":{"rendered":"<p>Biography Andrea Lu\u010di\u0107 Medical Doctor Graduated from Matija Antun Reljkovi\u0107 Grammar School in Vinkovci. Enrolled at the Faculty of Medicine in Osijek (Josip Juraj Strossmayer University) in 2015. Participated in CROMSIC and the Rotaract Club Vinkovci during studies, engaging in various humanitarian and academic activities. Active participant in symposiums such as Tjedan Mozga and Upoznaj [&hellip;]<\/p>\n","protected":false},"author":1,"featured_media":0,"parent":0,"menu_order":0,"comment_status":"closed","ping_status":"closed","template":"elementor_header_footer","meta":{"_acf_changed":false,"footnotes":""},"class_list":["post-18844","page","type-page","status-publish","hentry"],"acf":[],"_links":{"self":[{"href":"https:\/\/timeless.comit.co.rs\/en\/wp-json\/wp\/v2\/pages\/18844","targetHints":{"allow":["GET"]}}],"collection":[{"href":"https:\/\/timeless.comit.co.rs\/en\/wp-json\/wp\/v2\/pages"}],"about":[{"href":"https:\/\/timeless.comit.co.rs\/en\/wp-json\/wp\/v2\/types\/page"}],"author":[{"embeddable":true,"href":"https:\/\/timeless.comit.co.rs\/en\/wp-json\/wp\/v2\/users\/1"}],"replies":[{"embeddable":true,"href":"https:\/\/timeless.comit.co.rs\/en\/wp-json\/wp\/v2\/comments?post=18844"}],"version-history":[{"count":1,"href":"https:\/\/timeless.comit.co.rs\/en\/wp-json\/wp\/v2\/pages\/18844\/revisions"}],"predecessor-version":[{"id":18845,"href":"https:\/\/timeless.comit.co.rs\/en\/wp-json\/wp\/v2\/pages\/18844\/revisions\/18845"}],"wp:attachment":[{"href":"https:\/\/timeless.comit.co.rs\/en\/wp-json\/wp\/v2\/media?parent=18844"}],"curies":[{"name":"wp","href":"https:\/\/api.w.org\/{rel}","templated":true}]}}